{"id":24,"date":"2015-12-16T11:46:03","date_gmt":"2015-12-16T11:46:03","guid":{"rendered":"http:\/\/themes.muffingroup.com\/be\/firm\/?page_id=24"},"modified":"2025-09-17T19:50:03","modified_gmt":"2025-09-17T17:50:03","slug":"contact","status":"publish","type":"page","link":"https:\/\/delibre.eu\/si\/contact\/","title":{"rendered":"Kontakt"},"content":{"rendered":"<p>[vc_row full_width=&#8221;stretch_row&#8221; css=&#8221;.vc_custom_1494407507546{padding-top: 100px !important;background-color: #fcfcfc !important;}&#8221;][vc_column width=&#8221;1\/4&#8243;][vc_single_image image=&#8221;531&#8243; img_size=&#8221;&#8221; css=&#8221;.vc_custom_1672487354564{margin-top: 100px !important;}&#8221;][\/vc_column][vc_column width=&#8221;1\/4&#8243;][vc_column_text]<hr class=\"no_line\" style=\"margin: 0 auto 100px;\"\/>\n<\/p>\n<h3 style=\"margin-top: 10px;\"><\/h3>\n<p class=\"big\">Agnieszka Fabi\u015b<\/p>\n<p>Tehni\u010dni in pravni prevodi v nem\u0161\u010dino, sloven\u0161\u010dino in angle\u0161\u010dino, copywriting<\/p>\n<h5 style=\"margin-bottom: 5px;\"><i class=\"icon-email themecolor\"><\/i>kontakt@delibre.eu<\/h5>\n<h5 style=\"margin-bottom: 5px;\"><i class=\"icon-phone themecolor\"><\/i>+ 48 605 55 22 37<\/h5>\n<p>[\/vc_column_text][\/vc_column][vc_column width=&#8221;1\/2&#8243;][vc_column_text]<\/p>\n<h3>Po\u0161ljite e-po\u0161to<\/h3>\n<p><hr class=\"no_line\" style=\"margin: 0 auto 5px;\"\/>\n<br \/>\n[contact-form-7 id=&#8221;346&#8243; title=&#8221;Contact form&#8221;][\/vc_column_text][\/vc_column][\/vc_row]<\/p>","protected":false},"excerpt":{"rendered":"<p>[vc_row full_width=&#8221;stretch_row&#8221; css=&#8221;.vc_custom_1494407507546{padding-top: 100px !important;background-color: #fcfcfc !important;}&#8221;][vc_column width=&#8221;1\/4&#8243;][vc_single_image image=&#8221;531&#8243; img_size=&#8221;&#8221; css=&#8221;.vc_custom_1672487354564{margin-top: 100px !important;}&#8221;][\/vc_column][vc_column width=&#8221;1\/4&#8243;][vc_column_text] Agnieszka Fabi\u015b Tehni\u010dni in pravni prevodi v nem\u0161\u010dino, sloven\u0161\u010dino in angle\u0161\u010dino, copywriting<span class=\"excerpt-hellip\"> [\u2026]<\/span><\/p>\n","protected":false},"author":1,"featured_media":0,"parent":0,"menu_order":0,"comment_status":"closed","ping_status":"closed","template":"","meta":{"inline_featured_image":false,"footnotes":""},"class_list":["post-24","page","type-page","status-publish","hentry"],"_links":{"self":[{"href":"https:\/\/delibre.eu\/si\/wp-json\/wp\/v2\/pages\/24","targetHints":{"allow":["GET"]}}],"collection":[{"href":"https:\/\/delibre.eu\/si\/wp-json\/wp\/v2\/pages"}],"about":[{"href":"https:\/\/delibre.eu\/si\/wp-json\/wp\/v2\/types\/page"}],"author":[{"embeddable":true,"href":"https:\/\/delibre.eu\/si\/wp-json\/wp\/v2\/users\/1"}],"replies":[{"embeddable":true,"href":"https:\/\/delibre.eu\/si\/wp-json\/wp\/v2\/comments?post=24"}],"version-history":[{"count":13,"href":"https:\/\/delibre.eu\/si\/wp-json\/wp\/v2\/pages\/24\/revisions"}],"predecessor-version":[{"id":965,"href":"https:\/\/delibre.eu\/si\/wp-json\/wp\/v2\/pages\/24\/revisions\/965"}],"wp:attachment":[{"href":"https:\/\/delibre.eu\/si\/wp-json\/wp\/v2\/media?parent=24"}],"curies":[{"name":"wp","href":"https:\/\/api.w.org\/{rel}","templated":true}]}}