{"id":22,"date":"2015-12-16T11:45:48","date_gmt":"2015-12-16T11:45:48","guid":{"rendered":"http:\/\/themes.muffingroup.com\/be\/firm\/?page_id=22"},"modified":"2023-01-16T18:47:59","modified_gmt":"2023-01-16T17:47:59","slug":"offer","status":"publish","type":"page","link":"https:\/\/delibre.eu\/si\/offer\/","title":{"rendered":"Ponudba"},"content":{"rendered":"<p><span style=\"color: #000000;\">[vc_row full_width=&#8221;stretch_row&#8221; css=&#8221;.vc_custom_1494404824160{padding-top: 120px !important;padding-bottom: 70px !important;background-color: #ffffff !important;}&#8221;][vc_column width=&#8221;1\/3&#8243;][vc_column_text]<\/span><\/p>\n<h2>Tehni\u010dni prevodi<\/h2>\n<p><span style=\"color: #000000;\">[\/vc_column_text][\/vc_column][vc_column width=&#8221;2\/3&#8243;][vc_column_text]<\/span><\/p>\n<p class=\"big\">Tehni\u010dni prevodi morajo biti natan\u010dni in skladni z izvirnimi besedili. Zaradi dolgoletnih izku\u0161enj\u00a0s prevajanjem v tehni\u010dni industriji lahko zagotovljam visoko kakovost prevodov. Imela sem prilo\u017enost sodelovati s tehnologi in strokovnjaki na Poljskem in v tujini, zato mi tako imenovani tehni\u010dni \u017eargon ni tuj. Specializirana sem za prevode s podro\u010dja obdelave lahkih kovin, metalurgije, kovinske industrije, avtomatizacije, robotike, mehanike.<\/p>\n<p class=\"big\">Tehni\u010dni prevodi vklju\u010dujejo:<\/p>\n<ul class=\"big\">\n<li>prevajanje katalogov<\/li>\n<li>prevajanje tehni\u010dne dokumentacije<\/li>\n<li>prevajanje navodil za uporabo<\/li>\n<li>prevajanje varnostnih listov<\/li>\n<li>prevajanje opisov strojev in naprav<\/li>\n<li>prevajanje bro\u0161ur, oglasov in spletnih strani<\/li>\n<\/ul>\n<p>[\/vc_column_text][\/vc_column][\/vc_row][vc_row full_width=&#8221;stretch_row&#8221; css=&#8221;.vc_custom_1494404792917{padding-top: 120px !important;padding-bottom: 70px !important;background-color: #e3e5e8 !important;}&#8221;][vc_column width=&#8221;1\/3&#8243;][vc_column_text]<\/p>\n<h2><span style=\"color: #000000;\">Pravni\u00a0prevodi<\/span><\/h2>\n<p>[\/vc_column_text][\/vc_column][vc_column width=&#8221;2\/3&#8243;][vc_column_text]<\/p>\n<p class=\"big\">Vsaka pogodba in pravni akt morata biti enozna\u010dna in natan\u010dna. Prevod mora biti dosleden. Klju\u010dnega pomena je pravilna izbira terminologije. S \u0161tudijem na Pravni fakulteti Univerze Adama Mickiewicza v Poznanju sem pridobila znanje besedi\u0161\u010da, ki mi omogo\u010da, da brez te\u017eav prevajam pravna besedila.<\/p>\n<p>Pravni prevodi vklju\u010dujejo:<\/p>\n<ul>\n<li>komercialne pogodbe<\/li>\n<li>splo\u0161ne pogoje prodaje<\/li>\n<li>korespondenco<\/li>\n<li>pogodbe s podjetji<\/li>\n<li>pogodbe o delu, itd.<\/li>\n<\/ul>\n<p>[\/vc_column_text][\/vc_column][\/vc_row][vc_row full_width=&#8221;stretch_row&#8221; css=&#8221;.vc_custom_1494404853470{padding-top: 120px !important;padding-bottom: 70px !important;background-color: #ffffff !important;}&#8221;][vc_column width=&#8221;1\/3&#8243;][vc_column_text]<\/p>\n<h2 class=\"LC20lb MBeuO DKV0Md\">Copywriting<\/h2>\n<p><span style=\"color: #000000;\">[\/vc_column_text][\/vc_column][vc_column width=&#8221;2\/3&#8243;][vc_column_text]<\/span><\/p>\n<p class=\"big\">Ponujam oblikovanje profesionalnih prodajnih, ogla\u0161evalskih in informativnih besedil. Zahvaljujo\u010d svojim izku\u0161njam, znanju, domi\u0161ljiji in slogu pisanja ustvarjam besedila, ki pritegnejo pozornost. Tekste pi\u0161em poklicno in iz strasti. \u017de ve\u010d let kot u\u010diteljica joge pi\u0161em \u010dlanke o vadbi, zdravju in \u010duje\u010dnosti. Ponujam \u010dlanke, optimizirane\u00a0s SEO, ki pove\u010dujejo \u0161tevilo ogledov strani, opise izdelkov, privla\u010dne in zapomnljive reklamne slogane itd.<\/p>\n<p class=\"big\">Copywriting vklju\u010duje:<\/p>\n<ul>\n<li>besedila za spletne strani<\/li>\n<li>besedila pogodb in prodajna besedila.<\/li>\n<li>opise izdelkov<\/li>\n<li>slogane in privla\u010dne fraze<\/li>\n<\/ul>\n<p>[\/vc_column_text][\/vc_column][\/vc_row][vc_row full_width=&#8221;stretch_row&#8221; css=&#8221;.vc_custom_1494404792917{padding-top: 120px !important;padding-bottom: 70px !important;background-color: #e3e5e8 !important;}&#8221;][vc_column width=&#8221;1\/3&#8243;][vc_column_text]<\/p>\n<h2 class=\"LC20lb MBeuO DKV0Md\">Tehni\u010dni copywriting<\/h2>\n<p><span style=\"color: #000000;\">[\/vc_column_text][\/vc_column][vc_column width=&#8221;2\/3&#8243;][vc_column_text]<\/span><\/p>\n<p>Tehni\u010dni copywriting zahteva raven strokovnega znanja, ki ga ve\u010dina tekstopiscev nima in ga tudi ne bo mogla pridobiti za potrebe pisanja \u010dlankov. Na podlagi dolgoletnih izku\u0161enj s prevajanjem tehni\u010dnih besedil dobro poznam terminologijo, ki se uporablja v tej panogi. Poleg tega sem v desetih letih dela v orodjarski industriji pridobil znanje, potrebno za pisanje te vrste \u010dlankov. Zahvaljujo\u010d svojemu prevajalskemu delu sem na teko\u010dem z najnovej\u0161imi tehnolo\u0161kimi dose\u017eki.<\/p>\n<p class=\"big\">Tehni\u010dni copywriting vklju\u010duje:<\/p>\n<ul>\n<li>oblikovanje marketin\u0161kih besedil<\/li>\n<li>pisanje \u010dlankov za bloge in strokovnih besedil<\/li>\n<li>oblikovanje opisov izdelkov<\/li>\n<li>ustvarjanje vsebine za spletne strani<\/li>\n<\/ul>\n<p>[\/vc_column_text][\/vc_column][\/vc_row][vc_row][vc_column][vc_column_text css=&#8221;.vc_custom_1494841337844{margin-top: 200px !important;margin-bottom: 160px !important;}&#8221;]<\/p>\n<h1 style=\"color: #ffffff; text-align: center;\"><span style=\"color: #000000;\">IMATE \u0160E KAK\u0160NO VPRA\u0160ANJE?<\/span><br \/>\n<a href=\"http:\/\/delibre.eu\/si\/contact\/\"><span style=\"color: #f3e521;\">PO\u0160LJITE E-PO\u0160TO ALI POKLI\u010cITE<\/span><\/a><\/h1>\n<p><span style=\"color: #000000;\">[\/vc_column_text][\/vc_column][\/vc_row]<\/span><\/p>","protected":false},"excerpt":{"rendered":"<p>[vc_row full_width=&#8221;stretch_row&#8221; css=&#8221;.vc_custom_1494404824160{padding-top: 120px !important;padding-bottom: 70px !important;background-color: #ffffff !important;}&#8221;][vc_column width=&#8221;1\/3&#8243;][vc_column_text] Tehni\u010dni prevodi [\/vc_column_text][\/vc_column][vc_column width=&#8221;2\/3&#8243;][vc_column_text] Tehni\u010dni prevodi morajo biti natan\u010dni in skladni z izvirnimi besedili. Zaradi dolgoletnih<span class=\"excerpt-hellip\"> [\u2026]<\/span><\/p>\n","protected":false},"author":1,"featured_media":0,"parent":0,"menu_order":0,"comment_status":"closed","ping_status":"closed","template":"","meta":{"inline_featured_image":false,"footnotes":""},"class_list":["post-22","page","type-page","status-publish","hentry"],"_links":{"self":[{"href":"https:\/\/delibre.eu\/si\/wp-json\/wp\/v2\/pages\/22","targetHints":{"allow":["GET"]}}],"collection":[{"href":"https:\/\/delibre.eu\/si\/wp-json\/wp\/v2\/pages"}],"about":[{"href":"https:\/\/delibre.eu\/si\/wp-json\/wp\/v2\/types\/page"}],"author":[{"embeddable":true,"href":"https:\/\/delibre.eu\/si\/wp-json\/wp\/v2\/users\/1"}],"replies":[{"embeddable":true,"href":"https:\/\/delibre.eu\/si\/wp-json\/wp\/v2\/comments?post=22"}],"version-history":[{"count":47,"href":"https:\/\/delibre.eu\/si\/wp-json\/wp\/v2\/pages\/22\/revisions"}],"predecessor-version":[{"id":541,"href":"https:\/\/delibre.eu\/si\/wp-json\/wp\/v2\/pages\/22\/revisions\/541"}],"wp:attachment":[{"href":"https:\/\/delibre.eu\/si\/wp-json\/wp\/v2\/media?parent=22"}],"curies":[{"name":"wp","href":"https:\/\/api.w.org\/{rel}","templated":true}]}}