{"id":47,"date":"2015-12-15T10:21:08","date_gmt":"2015-12-15T10:21:08","guid":{"rendered":"http:\/\/themes.muffingroup.com\/be\/firm\/?page_id=2"},"modified":"2023-03-07T11:19:28","modified_gmt":"2023-03-07T10:19:28","slug":"home","status":"publish","type":"page","link":"https:\/\/delibre.eu\/en\/","title":{"rendered":"Home"},"content":{"rendered":"<p>[vc_row][vc_column width=&#8221;1\/3&#8243;][vc_single_image image=&#8221;671&#8243; img_size=&#8221;full&#8221; el_class=&#8221;front-image&#8221;][\/vc_column][vc_column width=&#8221;2\/3&#8243;][vc_column_text css_animation=&#8221;bounceInDown&#8221; css=&#8221;.vc_custom_1678174885181{padding-bottom: 80px !important;}&#8221; el_class=&#8221;home-text&#8221;]<\/p>\n<h2 style=\"color: #fff; margin-top: 40px; margin-bottom: 45px;\">Technical and legal translations into German, Slovenian and English, copywriting<\/h2>\n<p><a class=\"button  button_right button_large button_js\" href=\"http:\/\/delibre.eu\/en\/contact\/\"     ><span class=\"button_icon\"><i class=\"icon-comment-line\" ><\/i><\/span><span class=\"button_label\">Ask about the price <\/span><\/a>\n[\/vc_column_text][\/vc_column][\/vc_row][vc_row][vc_column][vc_separator][\/vc_column][\/vc_row][vc_row full_width=&#8221;stretch_row&#8221; css=&#8221;.vc_custom_1494411041884{padding-top: 50px !important;padding-bottom: 50px !important;background-color: #ffffff !important;}&#8221;][vc_column]<ul class=\"clients clearfix \"><li style=\"width:20%\"><div class=\"client_wrapper\"><div class=\"gs-wrapper\"><img decoding=\"async\" width=\"100\" height=\"75\" src=\"https:\/\/delibre.eu\/wp-content\/uploads\/2017\/05\/logo_mrfenster-100x75.jpg\" class=\"scale-with-grid wp-post-image\" alt=\"\" srcset=\"https:\/\/delibre.eu\/wp-content\/uploads\/2017\/05\/logo_mrfenster-100x75.jpg 100w, https:\/\/delibre.eu\/wp-content\/uploads\/2017\/05\/logo_mrfenster-195x146.jpg 195w, https:\/\/delibre.eu\/wp-content\/uploads\/2017\/05\/logo_mrfenster-50x38.jpg 50w, https:\/\/delibre.eu\/wp-content\/uploads\/2017\/05\/logo_mrfenster.jpg 200w\" sizes=\"(max-width: 100px) 100vw, 100px\" \/><\/div><\/div><\/li><li style=\"width:20%\"><div class=\"client_wrapper\"><a target=\"_blank\" href=\"https:\/\/aluprim.pl\" title=\"ALUPRIM\"><div class=\"gs-wrapper\"><img decoding=\"async\" width=\"100\" height=\"75\" src=\"https:\/\/delibre.eu\/wp-content\/uploads\/2020\/04\/Bez-nazwy-4-100x75.png\" class=\"scale-with-grid wp-post-image\" alt=\"\" srcset=\"https:\/\/delibre.eu\/wp-content\/uploads\/2020\/04\/Bez-nazwy-4.png 100w, https:\/\/delibre.eu\/wp-content\/uploads\/2020\/04\/Bez-nazwy-4-50x38.png 50w\" sizes=\"(max-width: 100px) 100vw, 100px\" \/><\/div><\/a><\/div><\/li><li style=\"width:20%\"><div class=\"client_wrapper\"><div class=\"gs-wrapper\"><img decoding=\"async\" width=\"100\" height=\"75\" src=\"https:\/\/delibre.eu\/wp-content\/uploads\/2017\/05\/logo_boehle-100x75.jpg\" class=\"scale-with-grid wp-post-image\" alt=\"\" srcset=\"https:\/\/delibre.eu\/wp-content\/uploads\/2017\/05\/logo_boehle-100x75.jpg 100w, https:\/\/delibre.eu\/wp-content\/uploads\/2017\/05\/logo_boehle-195x146.jpg 195w, https:\/\/delibre.eu\/wp-content\/uploads\/2017\/05\/logo_boehle-50x38.jpg 50w, https:\/\/delibre.eu\/wp-content\/uploads\/2017\/05\/logo_boehle.jpg 200w\" sizes=\"(max-width: 100px) 100vw, 100px\" \/><\/div><\/div><\/li><li style=\"width:20%\"><div class=\"client_wrapper\"><div class=\"gs-wrapper\"><img loading=\"lazy\" decoding=\"async\" width=\"100\" height=\"75\" src=\"https:\/\/delibre.eu\/wp-content\/uploads\/2017\/05\/logo_steigtehnik-100x75.jpg\" class=\"scale-with-grid wp-post-image\" alt=\"\" srcset=\"https:\/\/delibre.eu\/wp-content\/uploads\/2017\/05\/logo_steigtehnik-100x75.jpg 100w, https:\/\/delibre.eu\/wp-content\/uploads\/2017\/05\/logo_steigtehnik-195x146.jpg 195w, https:\/\/delibre.eu\/wp-content\/uploads\/2017\/05\/logo_steigtehnik-50x38.jpg 50w, https:\/\/delibre.eu\/wp-content\/uploads\/2017\/05\/logo_steigtehnik.jpg 200w\" sizes=\"(max-width: 100px) 100vw, 100px\" \/><\/div><\/div><\/li><li style=\"width:20%\"><div class=\"client_wrapper\"><div class=\"gs-wrapper\"><img loading=\"lazy\" decoding=\"async\" width=\"100\" height=\"75\" src=\"https:\/\/delibre.eu\/wp-content\/uploads\/2017\/05\/logo_gtb-100x75.jpg\" class=\"scale-with-grid wp-post-image\" alt=\"\" srcset=\"https:\/\/delibre.eu\/wp-content\/uploads\/2017\/05\/logo_gtb-100x75.jpg 100w, https:\/\/delibre.eu\/wp-content\/uploads\/2017\/05\/logo_gtb-195x146.jpg 195w, https:\/\/delibre.eu\/wp-content\/uploads\/2017\/05\/logo_gtb-50x38.jpg 50w, https:\/\/delibre.eu\/wp-content\/uploads\/2017\/05\/logo_gtb.jpg 200w\" sizes=\"(max-width: 100px) 100vw, 100px\" \/><\/div><\/div><\/li><li style=\"width:20%\"><div class=\"client_wrapper\"><div class=\"gs-wrapper\"><img loading=\"lazy\" decoding=\"async\" width=\"100\" height=\"75\" src=\"https:\/\/delibre.eu\/wp-content\/uploads\/2017\/05\/logo_fach-100x75.jpg\" class=\"scale-with-grid wp-post-image\" alt=\"\" srcset=\"https:\/\/delibre.eu\/wp-content\/uploads\/2017\/05\/logo_fach-100x75.jpg 100w, https:\/\/delibre.eu\/wp-content\/uploads\/2017\/05\/logo_fach-195x146.jpg 195w, https:\/\/delibre.eu\/wp-content\/uploads\/2017\/05\/logo_fach-50x38.jpg 50w, https:\/\/delibre.eu\/wp-content\/uploads\/2017\/05\/logo_fach.jpg 200w\" sizes=\"(max-width: 100px) 100vw, 100px\" \/><\/div><\/div><\/li><li style=\"width:20%\"><div class=\"client_wrapper\"><div class=\"gs-wrapper\"><img loading=\"lazy\" decoding=\"async\" width=\"100\" height=\"75\" src=\"https:\/\/delibre.eu\/wp-content\/uploads\/2017\/05\/logo_wz-100x75.jpg\" class=\"scale-with-grid wp-post-image\" alt=\"\" srcset=\"https:\/\/delibre.eu\/wp-content\/uploads\/2017\/05\/logo_wz-100x75.jpg 100w, https:\/\/delibre.eu\/wp-content\/uploads\/2017\/05\/logo_wz-195x146.jpg 195w, https:\/\/delibre.eu\/wp-content\/uploads\/2017\/05\/logo_wz-50x38.jpg 50w, https:\/\/delibre.eu\/wp-content\/uploads\/2017\/05\/logo_wz.jpg 200w\" sizes=\"(max-width: 100px) 100vw, 100px\" \/><\/div><\/div><\/li><li style=\"width:20%\"><div class=\"client_wrapper\"><div class=\"gs-wrapper\"><img loading=\"lazy\" decoding=\"async\" width=\"100\" height=\"75\" src=\"https:\/\/delibre.eu\/wp-content\/uploads\/2017\/05\/logo_agenttols-100x75.jpg\" class=\"scale-with-grid wp-post-image\" alt=\"\" srcset=\"https:\/\/delibre.eu\/wp-content\/uploads\/2017\/05\/logo_agenttols-100x75.jpg 100w, https:\/\/delibre.eu\/wp-content\/uploads\/2017\/05\/logo_agenttols-195x146.jpg 195w, https:\/\/delibre.eu\/wp-content\/uploads\/2017\/05\/logo_agenttols-50x38.jpg 50w, https:\/\/delibre.eu\/wp-content\/uploads\/2017\/05\/logo_agenttols.jpg 200w\" sizes=\"(max-width: 100px) 100vw, 100px\" \/><\/div><\/div><\/li><li style=\"width:20%\"><div class=\"client_wrapper\"><div class=\"gs-wrapper\"><img loading=\"lazy\" decoding=\"async\" width=\"100\" height=\"75\" src=\"https:\/\/delibre.eu\/wp-content\/uploads\/2017\/05\/logo_wera-100x75.jpg\" class=\"scale-with-grid wp-post-image\" alt=\"\" srcset=\"https:\/\/delibre.eu\/wp-content\/uploads\/2017\/05\/logo_wera-100x75.jpg 100w, https:\/\/delibre.eu\/wp-content\/uploads\/2017\/05\/logo_wera-195x146.jpg 195w, https:\/\/delibre.eu\/wp-content\/uploads\/2017\/05\/logo_wera-50x38.jpg 50w, https:\/\/delibre.eu\/wp-content\/uploads\/2017\/05\/logo_wera.jpg 200w\" sizes=\"(max-width: 100px) 100vw, 100px\" \/><\/div><\/div><\/li><li style=\"width:20%\"><div class=\"client_wrapper\"><div class=\"gs-wrapper\"><img loading=\"lazy\" decoding=\"async\" width=\"100\" height=\"75\" src=\"https:\/\/delibre.eu\/wp-content\/uploads\/2017\/05\/logo_dfw-100x75.jpg\" class=\"scale-with-grid wp-post-image\" alt=\"\" srcset=\"https:\/\/delibre.eu\/wp-content\/uploads\/2017\/05\/logo_dfw-100x75.jpg 100w, https:\/\/delibre.eu\/wp-content\/uploads\/2017\/05\/logo_dfw-195x146.jpg 195w, https:\/\/delibre.eu\/wp-content\/uploads\/2017\/05\/logo_dfw-50x38.jpg 50w, https:\/\/delibre.eu\/wp-content\/uploads\/2017\/05\/logo_dfw.jpg 200w\" sizes=\"(max-width: 100px) 100vw, 100px\" \/><\/div><\/div><\/li><li style=\"width:20%\"><div class=\"client_wrapper\"><div class=\"gs-wrapper\"><img loading=\"lazy\" decoding=\"async\" width=\"100\" height=\"75\" src=\"https:\/\/delibre.eu\/wp-content\/uploads\/2017\/05\/logo_mg-1-100x75.jpg\" class=\"scale-with-grid wp-post-image\" alt=\"\" srcset=\"https:\/\/delibre.eu\/wp-content\/uploads\/2017\/05\/logo_mg-1-100x75.jpg 100w, https:\/\/delibre.eu\/wp-content\/uploads\/2017\/05\/logo_mg-1-195x146.jpg 195w, https:\/\/delibre.eu\/wp-content\/uploads\/2017\/05\/logo_mg-1-50x38.jpg 50w, https:\/\/delibre.eu\/wp-content\/uploads\/2017\/05\/logo_mg-1.jpg 200w\" sizes=\"(max-width: 100px) 100vw, 100px\" \/><\/div><\/div><\/li><li style=\"width:20%\"><div class=\"client_wrapper\"><div class=\"gs-wrapper\"><img loading=\"lazy\" decoding=\"async\" width=\"100\" height=\"75\" src=\"https:\/\/delibre.eu\/wp-content\/uploads\/2017\/05\/logo_md-100x75.jpg\" class=\"scale-with-grid wp-post-image\" alt=\"\" srcset=\"https:\/\/delibre.eu\/wp-content\/uploads\/2017\/05\/logo_md-100x75.jpg 100w, https:\/\/delibre.eu\/wp-content\/uploads\/2017\/05\/logo_md-195x146.jpg 195w, https:\/\/delibre.eu\/wp-content\/uploads\/2017\/05\/logo_md-50x38.jpg 50w, https:\/\/delibre.eu\/wp-content\/uploads\/2017\/05\/logo_md.jpg 200w\" sizes=\"(max-width: 100px) 100vw, 100px\" \/><\/div><\/div><\/li><li style=\"width:20%\"><div class=\"client_wrapper\"><div class=\"gs-wrapper\"><img loading=\"lazy\" decoding=\"async\" width=\"100\" height=\"75\" src=\"https:\/\/delibre.eu\/wp-content\/uploads\/2017\/05\/logo_mayk-100x75.jpg\" class=\"scale-with-grid wp-post-image\" alt=\"\" srcset=\"https:\/\/delibre.eu\/wp-content\/uploads\/2017\/05\/logo_mayk-100x75.jpg 100w, https:\/\/delibre.eu\/wp-content\/uploads\/2017\/05\/logo_mayk-195x146.jpg 195w, https:\/\/delibre.eu\/wp-content\/uploads\/2017\/05\/logo_mayk-50x38.jpg 50w, https:\/\/delibre.eu\/wp-content\/uploads\/2017\/05\/logo_mayk.jpg 200w\" sizes=\"(max-width: 100px) 100vw, 100px\" \/><\/div><\/div><\/li><li style=\"width:20%\"><div class=\"client_wrapper\"><div class=\"gs-wrapper\"><img loading=\"lazy\" decoding=\"async\" width=\"100\" height=\"75\" src=\"https:\/\/delibre.eu\/wp-content\/uploads\/2017\/05\/logo_lufthaus-100x75.jpg\" class=\"scale-with-grid wp-post-image\" alt=\"\" srcset=\"https:\/\/delibre.eu\/wp-content\/uploads\/2017\/05\/logo_lufthaus-100x75.jpg 100w, https:\/\/delibre.eu\/wp-content\/uploads\/2017\/05\/logo_lufthaus-195x146.jpg 195w, https:\/\/delibre.eu\/wp-content\/uploads\/2017\/05\/logo_lufthaus-50x38.jpg 50w, https:\/\/delibre.eu\/wp-content\/uploads\/2017\/05\/logo_lufthaus.jpg 200w\" sizes=\"(max-width: 100px) 100vw, 100px\" \/><\/div><\/div><\/li><li style=\"width:20%\"><div class=\"client_wrapper\"><div class=\"gs-wrapper\"><img loading=\"lazy\" decoding=\"async\" width=\"100\" height=\"75\" src=\"https:\/\/delibre.eu\/wp-content\/uploads\/2017\/05\/logo_lmt-100x75.jpg\" class=\"scale-with-grid wp-post-image\" alt=\"\" srcset=\"https:\/\/delibre.eu\/wp-content\/uploads\/2017\/05\/logo_lmt-100x75.jpg 100w, https:\/\/delibre.eu\/wp-content\/uploads\/2017\/05\/logo_lmt-195x146.jpg 195w, https:\/\/delibre.eu\/wp-content\/uploads\/2017\/05\/logo_lmt-50x38.jpg 50w, https:\/\/delibre.eu\/wp-content\/uploads\/2017\/05\/logo_lmt.jpg 200w\" sizes=\"(max-width: 100px) 100vw, 100px\" \/><\/div><\/div><\/li><li style=\"width:20%\"><div class=\"client_wrapper\"><div class=\"gs-wrapper\"><img loading=\"lazy\" decoding=\"async\" width=\"100\" height=\"75\" src=\"https:\/\/delibre.eu\/wp-content\/uploads\/2017\/05\/logo_kukko-100x75.jpg\" class=\"scale-with-grid wp-post-image\" alt=\"\" srcset=\"https:\/\/delibre.eu\/wp-content\/uploads\/2017\/05\/logo_kukko-100x75.jpg 100w, https:\/\/delibre.eu\/wp-content\/uploads\/2017\/05\/logo_kukko-195x146.jpg 195w, https:\/\/delibre.eu\/wp-content\/uploads\/2017\/05\/logo_kukko-50x38.jpg 50w, https:\/\/delibre.eu\/wp-content\/uploads\/2017\/05\/logo_kukko.jpg 200w\" sizes=\"(max-width: 100px) 100vw, 100px\" \/><\/div><\/div><\/li><li style=\"width:20%\"><div class=\"client_wrapper\"><div class=\"gs-wrapper\"><img loading=\"lazy\" decoding=\"async\" width=\"100\" height=\"75\" src=\"https:\/\/delibre.eu\/wp-content\/uploads\/2017\/05\/logo_frickie-100x75.jpg\" class=\"scale-with-grid wp-post-image\" alt=\"\" srcset=\"https:\/\/delibre.eu\/wp-content\/uploads\/2017\/05\/logo_frickie-100x75.jpg 100w, https:\/\/delibre.eu\/wp-content\/uploads\/2017\/05\/logo_frickie-195x146.jpg 195w, https:\/\/delibre.eu\/wp-content\/uploads\/2017\/05\/logo_frickie-50x38.jpg 50w, https:\/\/delibre.eu\/wp-content\/uploads\/2017\/05\/logo_frickie.jpg 200w\" sizes=\"(max-width: 100px) 100vw, 100px\" \/><\/div><\/div><\/li><li style=\"width:20%\"><div class=\"client_wrapper\"><div class=\"gs-wrapper\"><img loading=\"lazy\" decoding=\"async\" width=\"100\" height=\"75\" src=\"https:\/\/delibre.eu\/wp-content\/uploads\/2017\/05\/logo_alpen-100x75.jpg\" class=\"scale-with-grid wp-post-image\" alt=\"\" srcset=\"https:\/\/delibre.eu\/wp-content\/uploads\/2017\/05\/logo_alpen-100x75.jpg 100w, https:\/\/delibre.eu\/wp-content\/uploads\/2017\/05\/logo_alpen-195x146.jpg 195w, https:\/\/delibre.eu\/wp-content\/uploads\/2017\/05\/logo_alpen-50x38.jpg 50w, https:\/\/delibre.eu\/wp-content\/uploads\/2017\/05\/logo_alpen.jpg 200w\" sizes=\"(max-width: 100px) 100vw, 100px\" \/><\/div><\/div><\/li><\/ul>\n[\/vc_column][\/vc_row][vc_row full_width=&#8221;stretch_row&#8221; css=&#8221;.vc_custom_1494400987040{background-color: #ffffff !important;}&#8221;][vc_column][vc_column_text css_animation=&#8221;bounceInDown&#8221;]<\/p>\n<h2 style=\"color: #000000; text-align: center;\">See what customers are saying about me<\/h2>\n<p>[\/vc_column_text][\/vc_column][\/vc_row][vc_row full_width=&#8221;stretch_row&#8221; css=&#8221;.vc_custom_1494401026373{background-color: #ffffff !important;}&#8221;][vc_column]<div class=\"testimonials_slider  hide-photos\"><ul class=\"testimonials_slider_ul\"><li><div class=\"single-photo-img\"><img decoding=\"async\" class=\"scale-with-grid\" src=\"https:\/\/delibre.eu\/wp-content\/themes\/betheme\/images\/testimonials-placeholder.png\" alt=\"Maciej Miko\u0142ajewski\" \/><\/div><div class=\"bq_wrapper\"><blockquote>\u201cNa podstawie realizowanych do tej pory zlece\u0144 z zakresu t\u0142umaczenia wszelkiego rodzaju instrukcji obs\u0142ugi specjalistycznych urz\u0105dze\u0144, protoko\u0142\u00f3w z pr\u00f3b narz\u0119dzi, opis\u00f3w rysunk\u00f3w technicznych, kart charakterystyki produkt\u00f3w, a tak\u017ce materia\u0142\u00f3w i prospekt\u00f3w marketingowych, czy wreszcie korespondencji handlowej, strony internetowej czy um\u00f3w mo\u017cemy z ca\u0142ym przekonaniem potwierdzi\u0107 wysokie kompetencje i wiedz\u0119 techniczn\u0105 oraz prawn\u0105 Pani Agnieszki, kt\u00f3ra do ka\u017cdego zlecenia podchodzi z zainteresowaniem i zapa\u0142em, szczeg\u00f3\u0142owo wnikaj\u0105c w temat, po\u015bwi\u0119caj\u0105c wiele czasu na zg\u0142\u0119bienie zagadnie\u0144\u201d<\/blockquote><\/div><div class=\"hr_dots\"><span><\/span><span><\/span><span><\/span><\/div><div class=\"author\"><h5>Maciej Miko\u0142ajewski<\/h5><span class=\"company\">LMT BOEHLERIT POLSKA<\/span><\/div><\/li><li><div class=\"single-photo-img\"><img decoding=\"async\" class=\"scale-with-grid\" src=\"https:\/\/delibre.eu\/wp-content\/themes\/betheme\/images\/testimonials-placeholder.png\" alt=\"S\u0142awomir Lipi\u0144ski\" \/><\/div><div class=\"bq_wrapper\"><blockquote>\u201cPragn\u0119 podkre\u015bli\u0107, \u017ce Pani Agnieszka Fabi\u015b jest osob\u0105 o wysokich kwalifikacjach j\u0119zykowych oraz zdolno\u015bciach interpersonalnych. Podchodzi do zada\u0144 z nale\u017cyt\u0105 staranno\u015bci\u0105, wykazuj\u0105c przy tym wysoki profesjonalizm. Jest osob\u0105 skrupulatn\u0105, sumienn\u0105. Wykazuje zdolno\u015bci dog\u0142\u0119bnej analizy tekst\u00f3w i doskona\u0142ej interpretacji bez wzgl\u0119du na dziedzin\u0119.\u201d<\/blockquote><\/div><div class=\"hr_dots\"><span><\/span><span><\/span><span><\/span><\/div><div class=\"author\"><h5>S\u0142awomir Lipi\u0144ski<\/h5><span class=\"company\">FRICKE<\/span><\/div><\/li><li><div class=\"single-photo-img\"><img loading=\"lazy\" decoding=\"async\" width=\"85\" height=\"47\" src=\"https:\/\/delibre.eu\/wp-content\/uploads\/2017\/05\/logotyp_Lufthaus_230_-85x47.gif\" class=\"scale-with-grid wp-post-image\" alt=\"\" \/><\/div><div class=\"bq_wrapper\"><blockquote>\u201cWysokie kompetencje, terminowo\u015b\u0107 oraz wysoka jako\u015b\u0107 realizowanych przez Pani\u0105 Agnieszk\u0119 t\u0142umacze\u0144 s\u0105 powodem, dla kt\u00f3rego nasza wsp\u00f3\u0142praca obejmuj\u0105ca t\u0142umaczenie z zakresu budownictwa pasywnego, korespondencji handlowej, ofert, instrukcji obs\u0142ugi urz\u0105dzenia Blower Door, itp. trwa nieprzerwanie od roku 2008.\u201d<\/blockquote><\/div><div class=\"hr_dots\"><span><\/span><span><\/span><span><\/span><\/div><div class=\"author\"><h5>B\u0142a\u017cej Szala<\/h5><span class=\"company\">LUFTHAUS<\/span><\/div><\/li><li><div class=\"single-photo-img\"><img decoding=\"async\" class=\"scale-with-grid\" src=\"https:\/\/delibre.eu\/wp-content\/themes\/betheme\/images\/testimonials-placeholder.png\" alt=\"Beata Graczyk\" \/><\/div><div class=\"bq_wrapper\"><blockquote>GTB Kancelaria Radc\u00f3w Prawnych Graczyk, Trochowska - Bonczewska s.c. korzysta z us\u0142ug Pani Agnieszki Fabi\u015b w zakresie t\u0142umacze\u0144 tekst\u00f3w o tematyce prawnej. Jeste\u015bmy zadowoleni ze wsp\u00f3\u0142pracy ze wzgl\u0119du na profesjonalizm i elastyczno\u015b\u0107 w stosunku do wymaga\u0144 klienta, a przede wszystkim solidno\u015b\u0107 i terminowo\u015b\u0107 \u015bwiadczonych us\u0142ug. Wszystkie t\u0142umaczenia zosta\u0142y wykonane zgodnie z naszymi oczekiwaniami, w pe\u0142ni potwierdzaj\u0105c solidno\u015b\u0107 biura w zakresie \u015bwiadczonych us\u0142ug.<\/blockquote><\/div><div class=\"hr_dots\"><span><\/span><span><\/span><span><\/span><\/div><div class=\"author\"><h5><a target=\"_blank\" href=\"http:\/\/www.kancelariagtb.pl\">Beata Graczyk<\/a><\/h5><span class=\"company\">GTB KANCELARIA RADC\u00d3W PRAWNYCH<\/span><\/div><\/li><li><div class=\"single-photo-img\"><img decoding=\"async\" class=\"scale-with-grid\" src=\"https:\/\/delibre.eu\/wp-content\/themes\/betheme\/images\/testimonials-placeholder.png\" alt=\"Rados\u0142aw Kurzaj\" \/><\/div><div class=\"bq_wrapper\"><blockquote>\u201cW ramach zlece\u0144 Pani Agnieszka t\u0142umaczy\u0142a korespondencje handlow\u0105, oferty czy dokumentacje techniczne. Z ca\u0142\u0105 pewno\u015bci\u0105 zamierzam kontynuowa\u0107 wsp\u00f3\u0142prac\u0119 i polecam Pani\u0105 Agnieszk\u0119 jako kompetentnego, sumiennego i odpowiedzialnego t\u0142umacza powa\u017cnie podchodz\u0105cego do powierzonych jej zada\u0144.\u201d<\/blockquote><\/div><div class=\"hr_dots\"><span><\/span><span><\/span><span><\/span><\/div><div class=\"author\"><h5><a target=\"_blank\" href=\"http:\/\/www.rad-met.com.pl\">Rados\u0142aw Kurzaj<\/a><\/h5><span class=\"company\">RAD-MET<\/span><\/div><\/li><li><div class=\"single-photo-img\"><img decoding=\"async\" class=\"scale-with-grid\" src=\"https:\/\/delibre.eu\/wp-content\/themes\/betheme\/images\/testimonials-placeholder.png\" alt=\"Ewa Miko\u0142ajewska\" \/><\/div><div class=\"bq_wrapper\"><blockquote>\u201cFirma BiM Sp. z o.o. od ponad czterech lat korzysta z us\u0142ug Pani Agnieszki Fabi\u015b w zakresie t\u0142umacze\u0144 pisemnych z j\u0119zyka niemieckiego na j\u0119zyk polski i odwrotnie.\r\nZlecamy g\u0142\u00f3wnie t\u0142umaczenie katalog\u00f3w oraz broszur informacyjnych naszych dostawc\u00f3w, oferuj\u0105cych narz\u0119dzia oraz oprzyrz\u0105dowanie dla przemys\u0142u produkcyjnego.\r\nWszystkie zlecone prace s\u0105 wykonywane starannie i terminowo, z zachowaniem najwy\u017cszych standard\u00f3w.\u201d<\/blockquote><\/div><div class=\"hr_dots\"><span><\/span><span><\/span><span><\/span><\/div><div class=\"author\"><h5>Ewa Miko\u0142ajewska<\/h5><span class=\"company\">BIM SP. Z O.O<\/span><\/div><\/li><li><div class=\"single-photo-img\"><img decoding=\"async\" class=\"scale-with-grid\" src=\"https:\/\/delibre.eu\/wp-content\/themes\/betheme\/images\/testimonials-placeholder.png\" alt=\"Rafa\u0142 Magrzyk\" \/><\/div><div class=\"bq_wrapper\"><blockquote>\u201cPani Agnieszka od pocz\u0105tku wsp\u00f3\u0142pracy, kt\u00f3r\u0105 rozpocz\u0119li\u015bmy w 2007 roku podchodzi rzetelnie i sumiennie do swoich obowi\u0105zk\u00f3w. W t\u0142umaczonych pracach wykazuje si\u0119 du\u017cym zaanga\u017cowaniem, \u015bwiadcz\u0105c us\u0142ugi rzetelnie i profesjonalnie.\r\nWyj\u0105tkow\u0105 w obecnych czasach zalet\u0105 Pani Agnieszki jest szeroka wiedza, do\u015bwiadczenie, terminowo\u015b\u0107\u201d<\/blockquote><\/div><div class=\"hr_dots\"><span><\/span><span><\/span><span><\/span><\/div><div class=\"author\"><h5>Rafa\u0142 Magrzyk<\/h5><span class=\"company\">ADAMAS TOOLS & SOLUTIONS<\/span><\/div><\/li><\/ul><\/div>\n[\/vc_column][\/vc_row][vc_row full_width=&#8221;stretch_row&#8221; css=&#8221;.vc_custom_1678176195245{padding-top: 50px !important;padding-bottom: 50px !important;background-color: #f9e969 !important;}&#8221;][vc_column][vc_column_text css_animation=&#8221;bounceInDown&#8221;]<\/p>\n<p style=\"text-align: center;\"><hr class=\"no_line\" style=\"margin: 0 auto 5px;\"\/>\n<\/p>\n<p style=\"font-weight: 200; font-size: 17px; color: #000000; text-align: center;\">(&#8230;)Podczas kilku lat mojej pracy mia\u0142am okazj\u0119 zdobywa\u0107 wiedz\u0119 techniczn\u0105 pod okiem fachowc\u00f3w i do dzi\u015b w metodach swojej pracy wykorzystuj\u0119 mo\u017cliwo\u015b\u0107 konsultacji tekst\u00f3w i terminologii fachowej z osobami, kt\u00f3re zajmuj\u0105 si\u0119 sprawami technicznymi na co dzie\u0144. Dotyczy to zar\u00f3wno technolog\u00f3w polskich jak i niemieckich.<\/p>\n<p style=\"font-size: 17px; text-align: center;\"><span style=\"font-size: 17px;\"><strong>Technologia i technika id\u0105 do przodu, a wraz z nimi s\u0142ownictwo. <\/strong><\/span> Dlatego ta bran\u017ca, jak \u017cadna inna, wymaga sta\u0142ego aktualizowania wiedzy i terminologii, a dzi\u0119ki sta\u0142ym kontaktom z profesjonalistami, mam pewno\u015b\u0107, \u017ce stosowane przeze mnie terminy s\u0105 zawsze trafne i odpowiednie.<\/p>\n<p style=\"text-align: center;\"><hr class=\"no_line\" style=\"margin: 0 auto 25px;\"\/>\n<\/p>\n<p><center><a class=\"button  button_large button_theme button_js\" href=\"http:\/\/delibre.eu\/en\/about\/\"     ><span class=\"button_label\">More about me<\/span><\/a>\n<\/center>[\/vc_column_text][\/vc_column][\/vc_row][vc_row full_width=&#8221;stretch_row&#8221; css=&#8221;.vc_custom_1678176289225{margin-top: 0px !important;margin-bottom: 0px !important;padding-top: 100px !important;padding-bottom: 100px !important;background-color: #9aabb1 !important;}&#8221;][vc_column][vc_column_text css_animation=&#8221;bounceInDown&#8221; el_class=&#8221;more-questions&#8221;]<\/p>\n<h2 style=\"color: #ffffff; text-align: center;\"><span style=\"color: #000000;\">DO YOU HAVE ADDITIONAL QUESTIONS?<\/span><\/h2>\n<p>&nbsp;<\/p>\n<h3 style=\"color: #ffffff; text-align: center;\"><a style=\"color: #595b61;\" href=\"http:\/\/delibre.eu\/en\/contact\/\" target=\"_blank\" rel=\"noopener noreferrer\"><span style=\"color: #595b61;\">SEND AN EMAIL OR CALL\u00a0ME!<\/span><\/a><\/h3>\n<p>[\/vc_column_text][\/vc_column][\/vc_row]<\/p>","protected":false},"excerpt":{"rendered":"<p>[vc_row][vc_column width=&#8221;1\/3&#8243;][vc_single_image image=&#8221;671&#8243; img_size=&#8221;full&#8221; el_class=&#8221;front-image&#8221;][\/vc_column][vc_column width=&#8221;2\/3&#8243;][vc_column_text css_animation=&#8221;bounceInDown&#8221; css=&#8221;.vc_custom_1678174885181{padding-bottom: 80px !important;}&#8221; el_class=&#8221;home-text&#8221;] Technical and legal translations into German, Slovenian and English, copywriting [\/vc_column_text][\/vc_column][\/vc_row][vc_row][vc_column][vc_separator][\/vc_column][\/vc_row][vc_row full_width=&#8221;stretch_row&#8221; css=&#8221;.vc_custom_1494411041884{padding-top: 50px !important;padding-bottom:<span class=\"excerpt-hellip\"> [\u2026]<\/span><\/p>\n","protected":false},"author":1,"featured_media":0,"parent":0,"menu_order":0,"comment_status":"closed","ping_status":"open","template":"","meta":{"inline_featured_image":false,"footnotes":""},"class_list":["post-47","page","type-page","status-publish","hentry"],"_links":{"self":[{"href":"https:\/\/delibre.eu\/en\/wp-json\/wp\/v2\/pages\/47","targetHints":{"allow":["GET"]}}],"collection":[{"href":"https:\/\/delibre.eu\/en\/wp-json\/wp\/v2\/pages"}],"about":[{"href":"https:\/\/delibre.eu\/en\/wp-json\/wp\/v2\/types\/page"}],"author":[{"embeddable":true,"href":"https:\/\/delibre.eu\/en\/wp-json\/wp\/v2\/users\/1"}],"replies":[{"embeddable":true,"href":"https:\/\/delibre.eu\/en\/wp-json\/wp\/v2\/comments?post=47"}],"version-history":[{"count":68,"href":"https:\/\/delibre.eu\/en\/wp-json\/wp\/v2\/pages\/47\/revisions"}],"predecessor-version":[{"id":673,"href":"https:\/\/delibre.eu\/en\/wp-json\/wp\/v2\/pages\/47\/revisions\/673"}],"wp:attachment":[{"href":"https:\/\/delibre.eu\/en\/wp-json\/wp\/v2\/media?parent=47"}],"curies":[{"name":"wp","href":"https:\/\/api.w.org\/{rel}","templated":true}]}}