{"id":47,"date":"2015-12-15T10:21:08","date_gmt":"2015-12-15T10:21:08","guid":{"rendered":"http:\/\/themes.muffingroup.com\/be\/firm\/?page_id=2"},"modified":"2023-03-07T11:19:28","modified_gmt":"2023-03-07T10:19:28","slug":"home","status":"publish","type":"page","link":"https:\/\/delibre.eu\/de\/","title":{"rendered":"Hauptseite"},"content":{"rendered":"<p>[vc_row][vc_column width=&#8220;1\/3&#8243;][vc_single_image image=&#8220;671&#8243; img_size=&#8220;full&#8220; el_class=&#8220;front-image&#8220;][\/vc_column][vc_column width=&#8220;2\/3&#8243;][vc_column_text css_animation=&#8220;bounceInDown&#8220; css=&#8220;.vc_custom_1678174876999{padding-bottom: 80px !important;}&#8220; el_class=&#8220;home-text&#8220;]<\/p>\n<h2 style=\"color: #fff; margin-top: 40px; margin-bottom: 45px;\">Technische und juristische \u00dcbersetzungen<br \/>\nin Deutsch, Slowenisch und Englisch, Copywriting<\/h2>\n<p><a class=\"button  button_right button_large button_js\" href=\"http:\/\/delibre.eu\/de\/contact\/\"     ><span class=\"button_icon\"><i class=\"icon-comment-line\" ><\/i><\/span><span class=\"button_label\">Preis auf Anfrage<\/span><\/a>\n[\/vc_column_text][\/vc_column][\/vc_row][vc_row][vc_column][vc_separator][\/vc_column][\/vc_row][vc_row full_width=&#8220;stretch_row&#8220; css=&#8220;.vc_custom_1494411031318{padding-top: 50px !important;padding-bottom: 50px !important;background-color: #ffffff !important;}&#8220;][vc_column]<ul class=\"clients clearfix \"><li style=\"width:20%\"><div class=\"client_wrapper\"><div class=\"gs-wrapper\"><img decoding=\"async\" width=\"100\" height=\"75\" src=\"https:\/\/delibre.eu\/wp-content\/uploads\/2017\/05\/logo_mrfenster-100x75.jpg\" class=\"scale-with-grid wp-post-image\" alt=\"\" srcset=\"https:\/\/delibre.eu\/wp-content\/uploads\/2017\/05\/logo_mrfenster-100x75.jpg 100w, https:\/\/delibre.eu\/wp-content\/uploads\/2017\/05\/logo_mrfenster-195x146.jpg 195w, https:\/\/delibre.eu\/wp-content\/uploads\/2017\/05\/logo_mrfenster-50x38.jpg 50w, https:\/\/delibre.eu\/wp-content\/uploads\/2017\/05\/logo_mrfenster.jpg 200w\" sizes=\"(max-width: 100px) 100vw, 100px\" \/><\/div><\/div><\/li><li style=\"width:20%\"><div class=\"client_wrapper\"><a target=\"_blank\" href=\"https:\/\/aluprim.pl\" title=\"ALUPRIM\"><div class=\"gs-wrapper\"><img decoding=\"async\" width=\"100\" height=\"75\" src=\"https:\/\/delibre.eu\/wp-content\/uploads\/2020\/04\/Bez-nazwy-4-100x75.png\" class=\"scale-with-grid wp-post-image\" alt=\"\" srcset=\"https:\/\/delibre.eu\/wp-content\/uploads\/2020\/04\/Bez-nazwy-4.png 100w, https:\/\/delibre.eu\/wp-content\/uploads\/2020\/04\/Bez-nazwy-4-50x38.png 50w\" sizes=\"(max-width: 100px) 100vw, 100px\" \/><\/div><\/a><\/div><\/li><li style=\"width:20%\"><div class=\"client_wrapper\"><div class=\"gs-wrapper\"><img decoding=\"async\" width=\"100\" height=\"75\" src=\"https:\/\/delibre.eu\/wp-content\/uploads\/2017\/05\/logo_boehle-100x75.jpg\" class=\"scale-with-grid wp-post-image\" alt=\"\" srcset=\"https:\/\/delibre.eu\/wp-content\/uploads\/2017\/05\/logo_boehle-100x75.jpg 100w, https:\/\/delibre.eu\/wp-content\/uploads\/2017\/05\/logo_boehle-195x146.jpg 195w, https:\/\/delibre.eu\/wp-content\/uploads\/2017\/05\/logo_boehle-50x38.jpg 50w, https:\/\/delibre.eu\/wp-content\/uploads\/2017\/05\/logo_boehle.jpg 200w\" sizes=\"(max-width: 100px) 100vw, 100px\" \/><\/div><\/div><\/li><li style=\"width:20%\"><div class=\"client_wrapper\"><div class=\"gs-wrapper\"><img loading=\"lazy\" decoding=\"async\" width=\"100\" height=\"75\" src=\"https:\/\/delibre.eu\/wp-content\/uploads\/2017\/05\/logo_steigtehnik-100x75.jpg\" class=\"scale-with-grid wp-post-image\" alt=\"\" srcset=\"https:\/\/delibre.eu\/wp-content\/uploads\/2017\/05\/logo_steigtehnik-100x75.jpg 100w, https:\/\/delibre.eu\/wp-content\/uploads\/2017\/05\/logo_steigtehnik-195x146.jpg 195w, https:\/\/delibre.eu\/wp-content\/uploads\/2017\/05\/logo_steigtehnik-50x38.jpg 50w, https:\/\/delibre.eu\/wp-content\/uploads\/2017\/05\/logo_steigtehnik.jpg 200w\" sizes=\"(max-width: 100px) 100vw, 100px\" \/><\/div><\/div><\/li><li style=\"width:20%\"><div class=\"client_wrapper\"><div class=\"gs-wrapper\"><img loading=\"lazy\" decoding=\"async\" width=\"100\" height=\"75\" src=\"https:\/\/delibre.eu\/wp-content\/uploads\/2017\/05\/logo_gtb-100x75.jpg\" class=\"scale-with-grid wp-post-image\" alt=\"\" srcset=\"https:\/\/delibre.eu\/wp-content\/uploads\/2017\/05\/logo_gtb-100x75.jpg 100w, https:\/\/delibre.eu\/wp-content\/uploads\/2017\/05\/logo_gtb-195x146.jpg 195w, https:\/\/delibre.eu\/wp-content\/uploads\/2017\/05\/logo_gtb-50x38.jpg 50w, https:\/\/delibre.eu\/wp-content\/uploads\/2017\/05\/logo_gtb.jpg 200w\" sizes=\"(max-width: 100px) 100vw, 100px\" \/><\/div><\/div><\/li><li style=\"width:20%\"><div class=\"client_wrapper\"><div class=\"gs-wrapper\"><img loading=\"lazy\" decoding=\"async\" width=\"100\" height=\"75\" src=\"https:\/\/delibre.eu\/wp-content\/uploads\/2017\/05\/logo_fach-100x75.jpg\" class=\"scale-with-grid wp-post-image\" alt=\"\" srcset=\"https:\/\/delibre.eu\/wp-content\/uploads\/2017\/05\/logo_fach-100x75.jpg 100w, https:\/\/delibre.eu\/wp-content\/uploads\/2017\/05\/logo_fach-195x146.jpg 195w, https:\/\/delibre.eu\/wp-content\/uploads\/2017\/05\/logo_fach-50x38.jpg 50w, https:\/\/delibre.eu\/wp-content\/uploads\/2017\/05\/logo_fach.jpg 200w\" sizes=\"(max-width: 100px) 100vw, 100px\" \/><\/div><\/div><\/li><li style=\"width:20%\"><div class=\"client_wrapper\"><div class=\"gs-wrapper\"><img loading=\"lazy\" decoding=\"async\" width=\"100\" height=\"75\" src=\"https:\/\/delibre.eu\/wp-content\/uploads\/2017\/05\/logo_wz-100x75.jpg\" class=\"scale-with-grid wp-post-image\" alt=\"\" srcset=\"https:\/\/delibre.eu\/wp-content\/uploads\/2017\/05\/logo_wz-100x75.jpg 100w, https:\/\/delibre.eu\/wp-content\/uploads\/2017\/05\/logo_wz-195x146.jpg 195w, https:\/\/delibre.eu\/wp-content\/uploads\/2017\/05\/logo_wz-50x38.jpg 50w, https:\/\/delibre.eu\/wp-content\/uploads\/2017\/05\/logo_wz.jpg 200w\" sizes=\"(max-width: 100px) 100vw, 100px\" \/><\/div><\/div><\/li><li style=\"width:20%\"><div class=\"client_wrapper\"><div class=\"gs-wrapper\"><img loading=\"lazy\" decoding=\"async\" width=\"100\" height=\"75\" src=\"https:\/\/delibre.eu\/wp-content\/uploads\/2017\/05\/logo_agenttols-100x75.jpg\" class=\"scale-with-grid wp-post-image\" alt=\"\" srcset=\"https:\/\/delibre.eu\/wp-content\/uploads\/2017\/05\/logo_agenttols-100x75.jpg 100w, https:\/\/delibre.eu\/wp-content\/uploads\/2017\/05\/logo_agenttols-195x146.jpg 195w, https:\/\/delibre.eu\/wp-content\/uploads\/2017\/05\/logo_agenttols-50x38.jpg 50w, https:\/\/delibre.eu\/wp-content\/uploads\/2017\/05\/logo_agenttols.jpg 200w\" sizes=\"(max-width: 100px) 100vw, 100px\" \/><\/div><\/div><\/li><li style=\"width:20%\"><div class=\"client_wrapper\"><div class=\"gs-wrapper\"><img loading=\"lazy\" decoding=\"async\" width=\"100\" height=\"75\" src=\"https:\/\/delibre.eu\/wp-content\/uploads\/2017\/05\/logo_wera-100x75.jpg\" class=\"scale-with-grid wp-post-image\" alt=\"\" srcset=\"https:\/\/delibre.eu\/wp-content\/uploads\/2017\/05\/logo_wera-100x75.jpg 100w, https:\/\/delibre.eu\/wp-content\/uploads\/2017\/05\/logo_wera-195x146.jpg 195w, https:\/\/delibre.eu\/wp-content\/uploads\/2017\/05\/logo_wera-50x38.jpg 50w, https:\/\/delibre.eu\/wp-content\/uploads\/2017\/05\/logo_wera.jpg 200w\" sizes=\"(max-width: 100px) 100vw, 100px\" \/><\/div><\/div><\/li><li style=\"width:20%\"><div class=\"client_wrapper\"><div class=\"gs-wrapper\"><img loading=\"lazy\" decoding=\"async\" width=\"100\" height=\"75\" src=\"https:\/\/delibre.eu\/wp-content\/uploads\/2017\/05\/logo_dfw-100x75.jpg\" class=\"scale-with-grid wp-post-image\" alt=\"\" srcset=\"https:\/\/delibre.eu\/wp-content\/uploads\/2017\/05\/logo_dfw-100x75.jpg 100w, https:\/\/delibre.eu\/wp-content\/uploads\/2017\/05\/logo_dfw-195x146.jpg 195w, https:\/\/delibre.eu\/wp-content\/uploads\/2017\/05\/logo_dfw-50x38.jpg 50w, https:\/\/delibre.eu\/wp-content\/uploads\/2017\/05\/logo_dfw.jpg 200w\" sizes=\"(max-width: 100px) 100vw, 100px\" \/><\/div><\/div><\/li><li style=\"width:20%\"><div class=\"client_wrapper\"><div class=\"gs-wrapper\"><img loading=\"lazy\" decoding=\"async\" width=\"100\" height=\"75\" src=\"https:\/\/delibre.eu\/wp-content\/uploads\/2017\/05\/logo_mg-1-100x75.jpg\" class=\"scale-with-grid wp-post-image\" alt=\"\" srcset=\"https:\/\/delibre.eu\/wp-content\/uploads\/2017\/05\/logo_mg-1-100x75.jpg 100w, https:\/\/delibre.eu\/wp-content\/uploads\/2017\/05\/logo_mg-1-195x146.jpg 195w, https:\/\/delibre.eu\/wp-content\/uploads\/2017\/05\/logo_mg-1-50x38.jpg 50w, https:\/\/delibre.eu\/wp-content\/uploads\/2017\/05\/logo_mg-1.jpg 200w\" sizes=\"(max-width: 100px) 100vw, 100px\" \/><\/div><\/div><\/li><li style=\"width:20%\"><div class=\"client_wrapper\"><div class=\"gs-wrapper\"><img loading=\"lazy\" decoding=\"async\" width=\"100\" height=\"75\" src=\"https:\/\/delibre.eu\/wp-content\/uploads\/2017\/05\/logo_md-100x75.jpg\" class=\"scale-with-grid wp-post-image\" alt=\"\" srcset=\"https:\/\/delibre.eu\/wp-content\/uploads\/2017\/05\/logo_md-100x75.jpg 100w, https:\/\/delibre.eu\/wp-content\/uploads\/2017\/05\/logo_md-195x146.jpg 195w, https:\/\/delibre.eu\/wp-content\/uploads\/2017\/05\/logo_md-50x38.jpg 50w, https:\/\/delibre.eu\/wp-content\/uploads\/2017\/05\/logo_md.jpg 200w\" sizes=\"(max-width: 100px) 100vw, 100px\" \/><\/div><\/div><\/li><li style=\"width:20%\"><div class=\"client_wrapper\"><div class=\"gs-wrapper\"><img loading=\"lazy\" decoding=\"async\" width=\"100\" height=\"75\" src=\"https:\/\/delibre.eu\/wp-content\/uploads\/2017\/05\/logo_mayk-100x75.jpg\" class=\"scale-with-grid wp-post-image\" alt=\"\" srcset=\"https:\/\/delibre.eu\/wp-content\/uploads\/2017\/05\/logo_mayk-100x75.jpg 100w, https:\/\/delibre.eu\/wp-content\/uploads\/2017\/05\/logo_mayk-195x146.jpg 195w, https:\/\/delibre.eu\/wp-content\/uploads\/2017\/05\/logo_mayk-50x38.jpg 50w, https:\/\/delibre.eu\/wp-content\/uploads\/2017\/05\/logo_mayk.jpg 200w\" sizes=\"(max-width: 100px) 100vw, 100px\" \/><\/div><\/div><\/li><li style=\"width:20%\"><div class=\"client_wrapper\"><div class=\"gs-wrapper\"><img loading=\"lazy\" decoding=\"async\" width=\"100\" height=\"75\" src=\"https:\/\/delibre.eu\/wp-content\/uploads\/2017\/05\/logo_lufthaus-100x75.jpg\" class=\"scale-with-grid wp-post-image\" alt=\"\" srcset=\"https:\/\/delibre.eu\/wp-content\/uploads\/2017\/05\/logo_lufthaus-100x75.jpg 100w, https:\/\/delibre.eu\/wp-content\/uploads\/2017\/05\/logo_lufthaus-195x146.jpg 195w, https:\/\/delibre.eu\/wp-content\/uploads\/2017\/05\/logo_lufthaus-50x38.jpg 50w, https:\/\/delibre.eu\/wp-content\/uploads\/2017\/05\/logo_lufthaus.jpg 200w\" sizes=\"(max-width: 100px) 100vw, 100px\" \/><\/div><\/div><\/li><li style=\"width:20%\"><div class=\"client_wrapper\"><div class=\"gs-wrapper\"><img loading=\"lazy\" decoding=\"async\" width=\"100\" height=\"75\" src=\"https:\/\/delibre.eu\/wp-content\/uploads\/2017\/05\/logo_lmt-100x75.jpg\" class=\"scale-with-grid wp-post-image\" alt=\"\" srcset=\"https:\/\/delibre.eu\/wp-content\/uploads\/2017\/05\/logo_lmt-100x75.jpg 100w, https:\/\/delibre.eu\/wp-content\/uploads\/2017\/05\/logo_lmt-195x146.jpg 195w, https:\/\/delibre.eu\/wp-content\/uploads\/2017\/05\/logo_lmt-50x38.jpg 50w, https:\/\/delibre.eu\/wp-content\/uploads\/2017\/05\/logo_lmt.jpg 200w\" sizes=\"(max-width: 100px) 100vw, 100px\" \/><\/div><\/div><\/li><li style=\"width:20%\"><div class=\"client_wrapper\"><div class=\"gs-wrapper\"><img loading=\"lazy\" decoding=\"async\" width=\"100\" height=\"75\" src=\"https:\/\/delibre.eu\/wp-content\/uploads\/2017\/05\/logo_kukko-100x75.jpg\" class=\"scale-with-grid wp-post-image\" alt=\"\" srcset=\"https:\/\/delibre.eu\/wp-content\/uploads\/2017\/05\/logo_kukko-100x75.jpg 100w, https:\/\/delibre.eu\/wp-content\/uploads\/2017\/05\/logo_kukko-195x146.jpg 195w, https:\/\/delibre.eu\/wp-content\/uploads\/2017\/05\/logo_kukko-50x38.jpg 50w, https:\/\/delibre.eu\/wp-content\/uploads\/2017\/05\/logo_kukko.jpg 200w\" sizes=\"(max-width: 100px) 100vw, 100px\" \/><\/div><\/div><\/li><li style=\"width:20%\"><div class=\"client_wrapper\"><div class=\"gs-wrapper\"><img loading=\"lazy\" decoding=\"async\" width=\"100\" height=\"75\" src=\"https:\/\/delibre.eu\/wp-content\/uploads\/2017\/05\/logo_frickie-100x75.jpg\" class=\"scale-with-grid wp-post-image\" alt=\"\" srcset=\"https:\/\/delibre.eu\/wp-content\/uploads\/2017\/05\/logo_frickie-100x75.jpg 100w, https:\/\/delibre.eu\/wp-content\/uploads\/2017\/05\/logo_frickie-195x146.jpg 195w, https:\/\/delibre.eu\/wp-content\/uploads\/2017\/05\/logo_frickie-50x38.jpg 50w, https:\/\/delibre.eu\/wp-content\/uploads\/2017\/05\/logo_frickie.jpg 200w\" sizes=\"(max-width: 100px) 100vw, 100px\" \/><\/div><\/div><\/li><li style=\"width:20%\"><div class=\"client_wrapper\"><div class=\"gs-wrapper\"><img loading=\"lazy\" decoding=\"async\" width=\"100\" height=\"75\" src=\"https:\/\/delibre.eu\/wp-content\/uploads\/2017\/05\/logo_alpen-100x75.jpg\" class=\"scale-with-grid wp-post-image\" alt=\"\" srcset=\"https:\/\/delibre.eu\/wp-content\/uploads\/2017\/05\/logo_alpen-100x75.jpg 100w, https:\/\/delibre.eu\/wp-content\/uploads\/2017\/05\/logo_alpen-195x146.jpg 195w, https:\/\/delibre.eu\/wp-content\/uploads\/2017\/05\/logo_alpen-50x38.jpg 50w, https:\/\/delibre.eu\/wp-content\/uploads\/2017\/05\/logo_alpen.jpg 200w\" sizes=\"(max-width: 100px) 100vw, 100px\" \/><\/div><\/div><\/li><\/ul>\n[\/vc_column][\/vc_row][vc_row full_width=&#8220;stretch_row&#8220; css=&#8220;.vc_custom_1494400987040{background-color: #ffffff !important;}&#8220;][vc_column][vc_column_text]<\/p>\n<h2 style=\"color: #000000; text-align: center;\">Sehen Sie, was Kunden \u00fcber mich sagen<\/h2>\n<p>[\/vc_column_text][\/vc_column][\/vc_row][vc_row full_width=&#8220;stretch_row&#8220; css=&#8220;.vc_custom_1494401026373{background-color: #ffffff !important;}&#8220;][vc_column]<div class=\"testimonials_slider  hide-photos\"><ul class=\"testimonials_slider_ul\"><li><div class=\"single-photo-img\"><img decoding=\"async\" class=\"scale-with-grid\" src=\"https:\/\/delibre.eu\/wp-content\/themes\/betheme\/images\/testimonials-placeholder.png\" alt=\"Katrin Theiner\" \/><\/div><div class=\"bq_wrapper\"><blockquote>\u201cFrau Agnieszka Fabi\u015b fertigte f\u00fcr unsere Firma \u00dcbersetzungen ins Polnische im Bereich Marketing und Werkzeuge f\u00fcr Automobilindustrie an. Mit gro\u00dfer Genauigkeit und Termintreue \u00fcbersetzte sie nicht nur Prospekte und Marketingunterlagen, aber auch Texte f\u00fcr unsere Internetseite.\u201d<\/blockquote><\/div><div class=\"hr_dots\"><span><\/span><span><\/span><span><\/span><\/div><div class=\"author\"><h5>Katrin Theiner<\/h5><span class=\"company\">KUKKO Werkzeugfabrik<\/span><\/div><\/li><\/ul><\/div>\n[\/vc_column][\/vc_row][vc_row full_width=&#8220;stretch_row&#8220; css=&#8220;.vc_custom_1678134927487{padding-top: 50px !important;padding-bottom: 50px !important;background-color: #f9e969 !important;}&#8220;][vc_column][vc_column_text]<\/p>\n<p style=\"text-align: center;\"><hr class=\"no_line\" style=\"margin: 0 auto 5px;\"\/>\n<\/p>\n<p style=\"font-weight: 200; font-size: 17px; color: #000000; text-align: center;\">(&#8230;)Meine Arbeit gibt mir die M\u00f6glichkeit, technisches Wissen unter der Aufsicht von Profis zu erwerben und bis heute bespreche ich die Texte und Terminologie mit Fachleute, die mit technischen Problemen t\u00e4glich zu tun haben . Dies gilt sowohl f\u00fcr polnische als auch f\u00fcr deutsche Technologen.<\/p>\n<p style=\"font-size: 17px; text-align: center;\">Technik und Technologien gehen nach vorne und damit auch der Wortschatz. Daher erfordert besonders diese Branche als keine andere, eine st\u00e4ndige Aktualisierung des Wissens und der Terminologie. St\u00e4ndiger Kontakt mit Profis aus der Branche gibt mir die Sicherheit, dass die von mir verwendeten Begriffe immer korrekt und angemessen sind.<\/p>\n<p style=\"text-align: center;\"><hr class=\"no_line\" style=\"margin: 0 auto 25px;\"\/>\n<\/p>\n<p><center><a class=\"button  button_large button_theme button_js\" href=\"http:\/\/delibre.eu\/de\/about\/\"     ><span class=\"button_label\">Weitere Informationen \u00fcber mich<\/span><\/a>\n<\/center>[\/vc_column_text][\/vc_column][\/vc_row][vc_row full_width=&#8220;stretch_row&#8220; css=&#8220;.vc_custom_1678175626220{margin-top: 0px !important;margin-bottom: 0px !important;padding-top: 100px !important;padding-bottom: 100px !important;background-color: #9aabb1 !important;}&#8220;][vc_column][vc_column_text css_animation=&#8220;bounceInDown&#8220; el_class=&#8220;more-questions&#8220;]<\/p>\n<h2 style=\"text-align: center;\">Haben Sie weitere Fragen?<\/h2>\n<p>&nbsp;<\/p>\n<h3 style=\"color: #595b61; text-align: center;\"><a style=\"color: #2f3534; text-decoration: underline;\" href=\"http:\/\/delibre.eu\/de\/contact\/\">Senden Sie eine Email oder rufen sie an<\/a><\/h3>\n<p>[\/vc_column_text][\/vc_column][\/vc_row]<\/p>","protected":false},"excerpt":{"rendered":"<p>[vc_row][vc_column width=&#8220;1\/3&#8243;][vc_single_image image=&#8220;671&#8243; img_size=&#8220;full&#8220; el_class=&#8220;front-image&#8220;][\/vc_column][vc_column width=&#8220;2\/3&#8243;][vc_column_text css_animation=&#8220;bounceInDown&#8220; css=&#8220;.vc_custom_1678174876999{padding-bottom: 80px !important;}&#8220; el_class=&#8220;home-text&#8220;] Technische und juristische \u00dcbersetzungen in Deutsch, Slowenisch und Englisch, Copywriting [\/vc_column_text][\/vc_column][\/vc_row][vc_row][vc_column][vc_separator][\/vc_column][\/vc_row][vc_row full_width=&#8220;stretch_row&#8220; css=&#8220;.vc_custom_1494411031318{padding-top: 50px !important;padding-bottom:<span class=\"excerpt-hellip\"> [\u2026]<\/span><\/p>\n","protected":false},"author":1,"featured_media":0,"parent":0,"menu_order":0,"comment_status":"closed","ping_status":"open","template":"","meta":{"inline_featured_image":false,"footnotes":""},"class_list":["post-47","page","type-page","status-publish","hentry"],"_links":{"self":[{"href":"https:\/\/delibre.eu\/de\/wp-json\/wp\/v2\/pages\/47","targetHints":{"allow":["GET"]}}],"collection":[{"href":"https:\/\/delibre.eu\/de\/wp-json\/wp\/v2\/pages"}],"about":[{"href":"https:\/\/delibre.eu\/de\/wp-json\/wp\/v2\/types\/page"}],"author":[{"embeddable":true,"href":"https:\/\/delibre.eu\/de\/wp-json\/wp\/v2\/users\/1"}],"replies":[{"embeddable":true,"href":"https:\/\/delibre.eu\/de\/wp-json\/wp\/v2\/comments?post=47"}],"version-history":[{"count":131,"href":"https:\/\/delibre.eu\/de\/wp-json\/wp\/v2\/pages\/47\/revisions"}],"predecessor-version":[{"id":673,"href":"https:\/\/delibre.eu\/de\/wp-json\/wp\/v2\/pages\/47\/revisions\/673"}],"wp:attachment":[{"href":"https:\/\/delibre.eu\/de\/wp-json\/wp\/v2\/media?parent=47"}],"curies":[{"name":"wp","href":"https:\/\/api.w.org\/{rel}","templated":true}]}}