{"id":246,"date":"2017-05-10T12:20:15","date_gmt":"2017-05-10T10:20:15","guid":{"rendered":"http:\/\/test.af-tlumaczenia.pl\/?page_id=246"},"modified":"2022-12-31T13:22:37","modified_gmt":"2022-12-31T12:22:37","slug":"referencje","status":"publish","type":"page","link":"https:\/\/delibre.eu\/de\/referencje\/","title":{"rendered":"Referenzen"},"content":{"rendered":"<p>[vc_row full_width=&#8220;stretch_row&#8220; css=&#8220;.vc_custom_1494411897352{background-color: #ffffff !important;}&#8220;][vc_column width=&#8220;1\/4&#8243;][vc_single_image image=&#8220;276&#8243; img_size=&#8220;300&#215;400&#8243; onclick=&#8220;link_image&#8220; css_animation=&#8220;bounceInDown&#8220;][vc_single_image image=&#8220;144&#8243; img_size=&#8220;medium&#8220; onclick=&#8220;link_image&#8220; css_animation=&#8220;bounceInDown&#8220;][\/vc_column][vc_column width=&#8220;1\/4&#8243;][vc_single_image image=&#8220;329&#8243; img_size=&#8220;300&#215;400&#8243; onclick=&#8220;link_image&#8220; css_animation=&#8220;bounceInDown&#8220;][vc_single_image image=&#8220;357&#8243; img_size=&#8220;300&#215;400&#8243; onclick=&#8220;link_image&#8220; css_animation=&#8220;bounceInDown&#8220;][\/vc_column][vc_column width=&#8220;1\/4&#8243;][vc_single_image image=&#8220;330&#8243; img_size=&#8220;300&#215;400&#8243; onclick=&#8220;link_image&#8220; css_animation=&#8220;bounceInDown&#8220;][\/vc_column][vc_column width=&#8220;1\/4&#8243;][vc_single_image image=&#8220;328&#8243; img_size=&#8220;300&#215;400&#8243; onclick=&#8220;link_image&#8220; css_animation=&#8220;bounceInDown&#8220;][\/vc_column][\/vc_row][vc_row][vc_column]<div class=\"testimonials_slider \"><div class=\"slider_pager slider_images\"><\/div><ul class=\"testimonials_slider_ul\"><li><div class=\"single-photo-img\"><img decoding=\"async\" class=\"scale-with-grid\" src=\"https:\/\/delibre.eu\/wp-content\/themes\/betheme\/images\/testimonials-placeholder.png\" alt=\"Maciej Miko\u0142ajewski\" \/><\/div><div class=\"bq_wrapper\"><blockquote>\u201cNa podstawie realizowanych do tej pory zlece\u0144 z zakresu t\u0142umaczenia wszelkiego rodzaju instrukcji obs\u0142ugi specjalistycznych urz\u0105dze\u0144, protoko\u0142\u00f3w z pr\u00f3b narz\u0119dzi, opis\u00f3w rysunk\u00f3w technicznych, kart charakterystyki produkt\u00f3w, a tak\u017ce materia\u0142\u00f3w i prospekt\u00f3w marketingowych, czy wreszcie korespondencji handlowej, strony internetowej czy um\u00f3w mo\u017cemy z ca\u0142ym przekonaniem potwierdzi\u0107 wysokie kompetencje i wiedz\u0119 techniczn\u0105 oraz prawn\u0105 Pani Agnieszki, kt\u00f3ra do ka\u017cdego zlecenia podchodzi z zainteresowaniem i zapa\u0142em, szczeg\u00f3\u0142owo wnikaj\u0105c w temat, po\u015bwi\u0119caj\u0105c wiele czasu na zg\u0142\u0119bienie zagadnie\u0144\u201d<\/blockquote><\/div><div class=\"hr_dots\"><span><\/span><span><\/span><span><\/span><\/div><div class=\"author\"><h5>Maciej Miko\u0142ajewski<\/h5><span class=\"company\">LMT BOEHLERIT POLSKA<\/span><\/div><\/li><li><div class=\"single-photo-img\"><img decoding=\"async\" class=\"scale-with-grid\" src=\"https:\/\/delibre.eu\/wp-content\/themes\/betheme\/images\/testimonials-placeholder.png\" alt=\"S\u0142awomir Lipi\u0144ski\" \/><\/div><div class=\"bq_wrapper\"><blockquote>\u201cPragn\u0119 podkre\u015bli\u0107, \u017ce Pani Agnieszka Fabi\u015b jest osob\u0105 o wysokich kwalifikacjach j\u0119zykowych oraz zdolno\u015bciach interpersonalnych. Podchodzi do zada\u0144 z nale\u017cyt\u0105 staranno\u015bci\u0105, wykazuj\u0105c przy tym wysoki profesjonalizm. Jest osob\u0105 skrupulatn\u0105, sumienn\u0105. Wykazuje zdolno\u015bci dog\u0142\u0119bnej analizy tekst\u00f3w i doskona\u0142ej interpretacji bez wzgl\u0119du na dziedzin\u0119.\u201d<\/blockquote><\/div><div class=\"hr_dots\"><span><\/span><span><\/span><span><\/span><\/div><div class=\"author\"><h5>S\u0142awomir Lipi\u0144ski<\/h5><span class=\"company\">FRICKE<\/span><\/div><\/li><li><div class=\"single-photo-img\"><img decoding=\"async\" width=\"85\" height=\"47\" src=\"https:\/\/delibre.eu\/wp-content\/uploads\/2017\/05\/logotyp_Lufthaus_230_-85x47.gif\" class=\"scale-with-grid wp-post-image\" alt=\"\" \/><\/div><div class=\"bq_wrapper\"><blockquote>\u201cWysokie kompetencje, terminowo\u015b\u0107 oraz wysoka jako\u015b\u0107 realizowanych przez Pani\u0105 Agnieszk\u0119 t\u0142umacze\u0144 s\u0105 powodem, dla kt\u00f3rego nasza wsp\u00f3\u0142praca obejmuj\u0105ca t\u0142umaczenie z zakresu budownictwa pasywnego, korespondencji handlowej, ofert, instrukcji obs\u0142ugi urz\u0105dzenia Blower Door, itp. trwa nieprzerwanie od roku 2008.\u201d<\/blockquote><\/div><div class=\"hr_dots\"><span><\/span><span><\/span><span><\/span><\/div><div class=\"author\"><h5>B\u0142a\u017cej Szala<\/h5><span class=\"company\">LUFTHAUS<\/span><\/div><\/li><li><div class=\"single-photo-img\"><img decoding=\"async\" class=\"scale-with-grid\" src=\"https:\/\/delibre.eu\/wp-content\/themes\/betheme\/images\/testimonials-placeholder.png\" alt=\"Beata Graczyk\" \/><\/div><div class=\"bq_wrapper\"><blockquote>GTB Kancelaria Radc\u00f3w Prawnych Graczyk, Trochowska - Bonczewska s.c. korzysta z us\u0142ug Pani Agnieszki Fabi\u015b w zakresie t\u0142umacze\u0144 tekst\u00f3w o tematyce prawnej. Jeste\u015bmy zadowoleni ze wsp\u00f3\u0142pracy ze wzgl\u0119du na profesjonalizm i elastyczno\u015b\u0107 w stosunku do wymaga\u0144 klienta, a przede wszystkim solidno\u015b\u0107 i terminowo\u015b\u0107 \u015bwiadczonych us\u0142ug. Wszystkie t\u0142umaczenia zosta\u0142y wykonane zgodnie z naszymi oczekiwaniami, w pe\u0142ni potwierdzaj\u0105c solidno\u015b\u0107 biura w zakresie \u015bwiadczonych us\u0142ug.<\/blockquote><\/div><div class=\"hr_dots\"><span><\/span><span><\/span><span><\/span><\/div><div class=\"author\"><h5><a target=\"_blank\" href=\"http:\/\/www.kancelariagtb.pl\">Beata Graczyk<\/a><\/h5><span class=\"company\">GTB KANCELARIA RADC\u00d3W PRAWNYCH<\/span><\/div><\/li><li><div class=\"single-photo-img\"><img decoding=\"async\" class=\"scale-with-grid\" src=\"https:\/\/delibre.eu\/wp-content\/themes\/betheme\/images\/testimonials-placeholder.png\" alt=\"Rados\u0142aw Kurzaj\" \/><\/div><div class=\"bq_wrapper\"><blockquote>\u201cW ramach zlece\u0144 Pani Agnieszka t\u0142umaczy\u0142a korespondencje handlow\u0105, oferty czy dokumentacje techniczne. Z ca\u0142\u0105 pewno\u015bci\u0105 zamierzam kontynuowa\u0107 wsp\u00f3\u0142prac\u0119 i polecam Pani\u0105 Agnieszk\u0119 jako kompetentnego, sumiennego i odpowiedzialnego t\u0142umacza powa\u017cnie podchodz\u0105cego do powierzonych jej zada\u0144.\u201d<\/blockquote><\/div><div class=\"hr_dots\"><span><\/span><span><\/span><span><\/span><\/div><div class=\"author\"><h5><a target=\"_blank\" href=\"http:\/\/www.rad-met.com.pl\">Rados\u0142aw Kurzaj<\/a><\/h5><span class=\"company\">RAD-MET<\/span><\/div><\/li><li><div class=\"single-photo-img\"><img decoding=\"async\" class=\"scale-with-grid\" src=\"https:\/\/delibre.eu\/wp-content\/themes\/betheme\/images\/testimonials-placeholder.png\" alt=\"Ewa Miko\u0142ajewska\" \/><\/div><div class=\"bq_wrapper\"><blockquote>\u201cFirma BiM Sp. z o.o. od ponad czterech lat korzysta z us\u0142ug Pani Agnieszki Fabi\u015b w zakresie t\u0142umacze\u0144 pisemnych z j\u0119zyka niemieckiego na j\u0119zyk polski i odwrotnie.\r\nZlecamy g\u0142\u00f3wnie t\u0142umaczenie katalog\u00f3w oraz broszur informacyjnych naszych dostawc\u00f3w, oferuj\u0105cych narz\u0119dzia oraz oprzyrz\u0105dowanie dla przemys\u0142u produkcyjnego.\r\nWszystkie zlecone prace s\u0105 wykonywane starannie i terminowo, z zachowaniem najwy\u017cszych standard\u00f3w.\u201d<\/blockquote><\/div><div class=\"hr_dots\"><span><\/span><span><\/span><span><\/span><\/div><div class=\"author\"><h5>Ewa Miko\u0142ajewska<\/h5><span class=\"company\">BIM SP. Z O.O<\/span><\/div><\/li><li><div class=\"single-photo-img\"><img decoding=\"async\" class=\"scale-with-grid\" src=\"https:\/\/delibre.eu\/wp-content\/themes\/betheme\/images\/testimonials-placeholder.png\" alt=\"Katrin Theiner\" \/><\/div><div class=\"bq_wrapper\"><blockquote>\u201cFrau Agnieszka Fabi\u015b fertigte f\u00fcr unsere Firma \u00dcbersetzungen ins Polnische im Bereich Marketing und Werkzeuge f\u00fcr Automobilindustrie an. Mit gro\u00dfer Genauigkeit und Termintreue \u00fcbersetzte sie nicht nur Prospekte und Marketingunterlagen, aber auch Texte f\u00fcr unsere Internetseite.\u201d<\/blockquote><\/div><div class=\"hr_dots\"><span><\/span><span><\/span><span><\/span><\/div><div class=\"author\"><h5>Katrin Theiner<\/h5><span class=\"company\">KUKKO Werkzeugfabrik<\/span><\/div><\/li><li><div class=\"single-photo-img\"><img decoding=\"async\" class=\"scale-with-grid\" src=\"https:\/\/delibre.eu\/wp-content\/themes\/betheme\/images\/testimonials-placeholder.png\" alt=\"Rafa\u0142 Magrzyk\" \/><\/div><div class=\"bq_wrapper\"><blockquote>\u201cPani Agnieszka od pocz\u0105tku wsp\u00f3\u0142pracy, kt\u00f3r\u0105 rozpocz\u0119li\u015bmy w 2007 roku podchodzi rzetelnie i sumiennie do swoich obowi\u0105zk\u00f3w. W t\u0142umaczonych pracach wykazuje si\u0119 du\u017cym zaanga\u017cowaniem, \u015bwiadcz\u0105c us\u0142ugi rzetelnie i profesjonalnie.\r\nWyj\u0105tkow\u0105 w obecnych czasach zalet\u0105 Pani Agnieszki jest szeroka wiedza, do\u015bwiadczenie, terminowo\u015b\u0107\u201d<\/blockquote><\/div><div class=\"hr_dots\"><span><\/span><span><\/span><span><\/span><\/div><div class=\"author\"><h5>Rafa\u0142 Magrzyk<\/h5><span class=\"company\">ADAMAS TOOLS & SOLUTIONS<\/span><\/div><\/li><\/ul><\/div>\n[\/vc_column][\/vc_row]<\/p>","protected":false},"excerpt":{"rendered":"<p>[vc_row full_width=&#8220;stretch_row&#8220; css=&#8220;.vc_custom_1494411897352{background-color: #ffffff !important;}&#8220;][vc_column width=&#8220;1\/4&#8243;][vc_single_image image=&#8220;276&#8243; img_size=&#8220;300&#215;400&#8243; onclick=&#8220;link_image&#8220; css_animation=&#8220;bounceInDown&#8220;][vc_single_image image=&#8220;144&#8243; img_size=&#8220;medium&#8220; onclick=&#8220;link_image&#8220; css_animation=&#8220;bounceInDown&#8220;][\/vc_column][vc_column width=&#8220;1\/4&#8243;][vc_single_image image=&#8220;329&#8243; img_size=&#8220;300&#215;400&#8243; onclick=&#8220;link_image&#8220; css_animation=&#8220;bounceInDown&#8220;][vc_single_image image=&#8220;357&#8243; img_size=&#8220;300&#215;400&#8243; onclick=&#8220;link_image&#8220; css_animation=&#8220;bounceInDown&#8220;][\/vc_column][vc_column width=&#8220;1\/4&#8243;][vc_single_image image=&#8220;330&#8243; img_size=&#8220;300&#215;400&#8243;<span class=\"excerpt-hellip\"> [\u2026]<\/span><\/p>\n","protected":false},"author":1,"featured_media":0,"parent":0,"menu_order":0,"comment_status":"closed","ping_status":"closed","template":"","meta":{"inline_featured_image":false,"footnotes":""},"class_list":["post-246","page","type-page","status-publish","hentry"],"_links":{"self":[{"href":"https:\/\/delibre.eu\/de\/wp-json\/wp\/v2\/pages\/246","targetHints":{"allow":["GET"]}}],"collection":[{"href":"https:\/\/delibre.eu\/de\/wp-json\/wp\/v2\/pages"}],"about":[{"href":"https:\/\/delibre.eu\/de\/wp-json\/wp\/v2\/types\/page"}],"author":[{"embeddable":true,"href":"https:\/\/delibre.eu\/de\/wp-json\/wp\/v2\/users\/1"}],"replies":[{"embeddable":true,"href":"https:\/\/delibre.eu\/de\/wp-json\/wp\/v2\/comments?post=246"}],"version-history":[{"count":13,"href":"https:\/\/delibre.eu\/de\/wp-json\/wp\/v2\/pages\/246\/revisions"}],"predecessor-version":[{"id":570,"href":"https:\/\/delibre.eu\/de\/wp-json\/wp\/v2\/pages\/246\/revisions\/570"}],"wp:attachment":[{"href":"https:\/\/delibre.eu\/de\/wp-json\/wp\/v2\/media?parent=246"}],"curies":[{"name":"wp","href":"https:\/\/api.w.org\/{rel}","templated":true}]}}